{"id":102,"date":"2020-07-22T18:23:03","date_gmt":"2020-07-22T16:23:03","guid":{"rendered":"https:\/\/www.achbelrezig.com\/fr\/?page_id=102"},"modified":"2022-12-11T13:21:16","modified_gmt":"2022-12-11T12:21:16","slug":"enregistrement","status":"publish","type":"page","link":"https:\/\/www.achbelrezig.com\/fr\/enregistrement\/","title":{"rendered":"Inscription"},"content":{"rendered":"\n<p class=\"has-large-font-size\">L&rsquo;inscription<\/p>\n\n\n\n<figure class=\"wp-block-image\"><img alt=\"\"\/><\/figure>\n\n\n\n<p class=\"has-medium-font-size\">Vous pouvez vous inscrire dans l&rsquo;une de nos \u00e9coles via cette page, et cela est consid\u00e9r\u00e9 comme une pr\u00e9-inscription qui nous permet de pr\u00e9parer le processus d&rsquo;inscription lorsque vous vous pr\u00e9sentez au si\u00e8ge de l&rsquo;enceinte, car nous ne vous demandons pas ici toutes les informations personnelles et cela suffit \u00e0 ce stade.<\/p>\n\n\n\n<p class=\"has-medium-font-size\">Si vous souhaitez enregistrer vos enfants via email, veuillez consulter notre <a href=\"https:\/\/www.achbelrezig.com\/fr\/politique-de-confidentialite\/\">politique de confidentialit\u00e9<\/a>.<\/p>\n","protected":false},"excerpt":{"rendered":"<p>L&rsquo;inscription Vous pouvez vous inscrire dans l&rsquo;une de nos \u00e9coles via cette page, et cela est consid\u00e9r\u00e9 comme une pr\u00e9-inscription qui nous permet de pr\u00e9parer le processus d&rsquo;inscription lorsque vous vous pr\u00e9sentez au si\u00e8ge de l&rsquo;enceinte, car nous ne vous demandons pas ici toutes les informations personnelles et cela suffit \u00e0 ce stade. Si vous<\/p>\n<a href=\"https:\/\/www.achbelrezig.com\/fr\/enregistrement\/\" class=\"btn frontech-btn\"><span><\/span>Voir plus<\/a>","protected":false},"author":1,"featured_media":0,"parent":0,"menu_order":0,"comment_status":"closed","ping_status":"closed","template":"page-fullwidth.php","meta":[],"_links":{"self":[{"href":"https:\/\/www.achbelrezig.com\/fr\/wp-json\/wp\/v2\/pages\/102"}],"collection":[{"href":"https:\/\/www.achbelrezig.com\/fr\/wp-json\/wp\/v2\/pages"}],"about":[{"href":"https:\/\/www.achbelrezig.com\/fr\/wp-json\/wp\/v2\/types\/page"}],"author":[{"embeddable":true,"href":"https:\/\/www.achbelrezig.com\/fr\/wp-json\/wp\/v2\/users\/1"}],"replies":[{"embeddable":true,"href":"https:\/\/www.achbelrezig.com\/fr\/wp-json\/wp\/v2\/comments?post=102"}],"version-history":[{"count":5,"href":"https:\/\/www.achbelrezig.com\/fr\/wp-json\/wp\/v2\/pages\/102\/revisions"}],"predecessor-version":[{"id":207,"href":"https:\/\/www.achbelrezig.com\/fr\/wp-json\/wp\/v2\/pages\/102\/revisions\/207"}],"wp:attachment":[{"href":"https:\/\/www.achbelrezig.com\/fr\/wp-json\/wp\/v2\/media?parent=102"}],"curies":[{"name":"wp","href":"https:\/\/api.w.org\/{rel}","templated":true}]}}