{"id":104,"date":"2020-07-22T18:25:41","date_gmt":"2020-07-22T16:25:41","guid":{"rendered":"https:\/\/www.achbelrezig.com\/fr\/?page_id=104"},"modified":"2022-12-11T13:10:08","modified_gmt":"2022-12-11T12:10:08","slug":"contact","status":"publish","type":"page","link":"https:\/\/www.achbelrezig.com\/fr\/contact\/","title":{"rendered":"Contact"},"content":{"rendered":"\n<p class=\"has-large-font-size\">Contact<\/p>\n\n\n\n<p class=\"has-medium-font-size\">Gr\u00e2ce \u00e0 notre site moderne, nous cherchons \u00e0 vous joindre et \u00e0 r\u00e9pondre \u00e0 vos messages le plus rapidement et le plus efficacement possible, vous pouvez communiquer avec nous notre adresse mail ou via les coordonn\u00e9es de communication pr\u00e9sent\u00e9es sur cette page<\/p>\n\n\n\n<h2><strong>Lieu :<\/strong><\/h2>\n\n\n\n<iframe src=\"https:\/\/www.google.com\/maps\/embed?pb=!1m14!1m8!1m3!1d527.0523054988909!2d2.950745!3d36.67903!3m2!1i1024!2i768!4f13.1!3m3!1m2!1s0x0%3A0x7b5a71336f682233!2sGroupe%20Scolaire%20Achbel%20Rezig!5e1!3m2!1sfr!2sus!4v1670759710269!5m2!1sfr!2sus\" width=\"600\" height=\"450\" style=\"border:0;\" allowfullscreen=\"\" loading=\"lazy\" referrerpolicy=\"no-referrer-when-downgrade\"><\/iframe>\n\n\n\n<p><\/p>\n\n\n\n<h3>Par t\u00e9i\u00e9phone :<\/h3>\n\n\n\n<h4><strong>Appelez-nous sur : 0561851640<\/strong><\/h4>\n\n\n\n<h3>R\u00e9seaux sociaux<\/h3>\n\n\n\n<h4><strong>Via notre <a href=\"https:\/\/fr-fr.facebook.com\/Achbal.Rezig\/\" data-type=\"URL\">comote Facebook<\/a> <\/strong><br><\/h4>\n","protected":false},"excerpt":{"rendered":"<p>Contact Gr\u00e2ce \u00e0 notre site moderne, nous cherchons \u00e0 vous joindre et \u00e0 r\u00e9pondre \u00e0 vos messages le plus rapidement et le plus efficacement possible, vous pouvez communiquer avec nous notre adresse mail ou via les coordonn\u00e9es de communication pr\u00e9sent\u00e9es sur cette page Lieu : Par t\u00e9i\u00e9phone : Appelez-nous sur : 0561851640 R\u00e9seaux sociaux Via<\/p>\n<a href=\"https:\/\/www.achbelrezig.com\/fr\/contact\/\" class=\"btn frontech-btn\"><span><\/span>Voir plus<\/a>","protected":false},"author":1,"featured_media":0,"parent":0,"menu_order":0,"comment_status":"closed","ping_status":"closed","template":"page-fullwidth.php","meta":[],"_links":{"self":[{"href":"https:\/\/www.achbelrezig.com\/fr\/wp-json\/wp\/v2\/pages\/104"}],"collection":[{"href":"https:\/\/www.achbelrezig.com\/fr\/wp-json\/wp\/v2\/pages"}],"about":[{"href":"https:\/\/www.achbelrezig.com\/fr\/wp-json\/wp\/v2\/types\/page"}],"author":[{"embeddable":true,"href":"https:\/\/www.achbelrezig.com\/fr\/wp-json\/wp\/v2\/users\/1"}],"replies":[{"embeddable":true,"href":"https:\/\/www.achbelrezig.com\/fr\/wp-json\/wp\/v2\/comments?post=104"}],"version-history":[{"count":16,"href":"https:\/\/www.achbelrezig.com\/fr\/wp-json\/wp\/v2\/pages\/104\/revisions"}],"predecessor-version":[{"id":205,"href":"https:\/\/www.achbelrezig.com\/fr\/wp-json\/wp\/v2\/pages\/104\/revisions\/205"}],"wp:attachment":[{"href":"https:\/\/www.achbelrezig.com\/fr\/wp-json\/wp\/v2\/media?parent=104"}],"curies":[{"name":"wp","href":"https:\/\/api.w.org\/{rel}","templated":true}]}}