{"id":9,"date":"2020-07-17T11:15:51","date_gmt":"2020-07-17T09:15:51","guid":{"rendered":"http:\/\/192.168.1.100\/fr\/?page_id=9"},"modified":"2020-07-22T16:34:06","modified_gmt":"2020-07-22T14:34:06","slug":"blog","status":"publish","type":"page","link":"https:\/\/www.achbelrezig.com\/fr\/blog\/","title":{"rendered":"Nouvelles"},"content":{"rendered":"\n<p class=\"has-large-font-size\">Les derniers nouvelles<\/p>\n\n\n\n<p class=\"has-medium-font-size\">Sur cette page, vous lisez tout sur l&rsquo;ann\u00e9e scolaire en cours et nos \u00e9coles en g\u00e9n\u00e9ral.<\/p>\n","protected":false},"excerpt":{"rendered":"<p>Les derniers nouvelles Sur cette page, vous lisez tout sur l&rsquo;ann\u00e9e scolaire en cours et nos \u00e9coles en g\u00e9n\u00e9ral.<\/p>\n<a href=\"https:\/\/www.achbelrezig.com\/fr\/blog\/\" class=\"btn frontech-btn\"><span><\/span>Voir plus<\/a>","protected":false},"author":1,"featured_media":0,"parent":0,"menu_order":0,"comment_status":"closed","ping_status":"closed","template":"","meta":[],"_links":{"self":[{"href":"https:\/\/www.achbelrezig.com\/fr\/wp-json\/wp\/v2\/pages\/9"}],"collection":[{"href":"https:\/\/www.achbelrezig.com\/fr\/wp-json\/wp\/v2\/pages"}],"about":[{"href":"https:\/\/www.achbelrezig.com\/fr\/wp-json\/wp\/v2\/types\/page"}],"author":[{"embeddable":true,"href":"https:\/\/www.achbelrezig.com\/fr\/wp-json\/wp\/v2\/users\/1"}],"replies":[{"embeddable":true,"href":"https:\/\/www.achbelrezig.com\/fr\/wp-json\/wp\/v2\/comments?post=9"}],"version-history":[{"count":2,"href":"https:\/\/www.achbelrezig.com\/fr\/wp-json\/wp\/v2\/pages\/9\/revisions"}],"predecessor-version":[{"id":91,"href":"https:\/\/www.achbelrezig.com\/fr\/wp-json\/wp\/v2\/pages\/9\/revisions\/91"}],"wp:attachment":[{"href":"https:\/\/www.achbelrezig.com\/fr\/wp-json\/wp\/v2\/media?parent=9"}],"curies":[{"name":"wp","href":"https:\/\/api.w.org\/{rel}","templated":true}]}}